{"id":1372,"date":"2023-10-23T11:50:08","date_gmt":"2023-10-23T09:50:08","guid":{"rendered":"https:\/\/dicreas.com\/?page_id=1372"},"modified":"2023-12-03T12:41:00","modified_gmt":"2023-12-03T11:41:00","slug":"declaracion-de-accesibilidad","status":"publish","type":"page","link":"https:\/\/dicreas.com\/en\/declaracion-de-accesibilidad\/","title":{"rendered":"Declaraci\u00f3n de accesibilidad"},"content":{"rendered":"<style>.elementor-1372 .elementor-element.elementor-element-341c2e1{--display:flex;--background-transition:0.3s;}.elementor-1372 .elementor-element.elementor-element-ac7caf2{--display:flex;--background-transition:0.3s;}.elementor-1372 .elementor-element.elementor-element-a4b9802{--spacer-size:50px;}.elementor-1372 .elementor-element.elementor-element-79df3e9{text-align:left;color:#015958;font-family:\"Montserrat\", Sans-serif;}<\/style>\t\t<div data-elementor-type=\"wp-page\" data-elementor-id=\"1372\" class=\"elementor elementor-1372\" data-elementor-post-type=\"page\">\n\t\t\t\t\t\t\t<div class=\"elementor-element elementor-element-341c2e1 e-flex e-con-boxed wpr-particle-no wpr-jarallax-no wpr-parallax-no wpr-sticky-section-no e-con e-parent\" data-id=\"341c2e1\" data-element_type=\"container\" data-settings=\"{&quot;content_width&quot;:&quot;boxed&quot;}\" data-core-v316-plus=\"true\">\n\t\t\t\t\t<div class=\"e-con-inner\">\n\t\t\t\t\t<\/div>\n\t\t\t\t<\/div>\n\t\t<div class=\"elementor-element elementor-element-ac7caf2 e-flex e-con-boxed wpr-particle-no wpr-jarallax-no wpr-parallax-no wpr-sticky-section-no e-con e-parent\" data-id=\"ac7caf2\" data-element_type=\"container\" data-settings=\"{&quot;content_width&quot;:&quot;boxed&quot;}\" data-core-v316-plus=\"true\">\n\t\t\t\t\t<div class=\"e-con-inner\">\n\t\t\t\t<div class=\"elementor-element elementor-element-a4b9802 elementor-widget elementor-widget-spacer\" data-id=\"a4b9802\" data-element_type=\"widget\" data-widget_type=\"spacer.default\">\n\t\t\t\t<div class=\"elementor-widget-container\">\n\t\t\t<style>\/*! elementor - v3.18.0 - 20-12-2023 *\/\n.elementor-column .elementor-spacer-inner{height:var(--spacer-size)}.e-con{--container-widget-width:100%}.e-con-inner>.elementor-widget-spacer,.e-con>.elementor-widget-spacer{width:var(--container-widget-width,var(--spacer-size));--align-self:var(--container-widget-align-self,initial);--flex-shrink:0}.e-con-inner>.elementor-widget-spacer>.elementor-widget-container,.e-con>.elementor-widget-spacer>.elementor-widget-container{height:100%;width:100%}.e-con-inner>.elementor-widget-spacer>.elementor-widget-container>.elementor-spacer,.e-con>.elementor-widget-spacer>.elementor-widget-container>.elementor-spacer{height:100%}.e-con-inner>.elementor-widget-spacer>.elementor-widget-container>.elementor-spacer>.elementor-spacer-inner,.e-con>.elementor-widget-spacer>.elementor-widget-container>.elementor-spacer>.elementor-spacer-inner{height:var(--container-widget-height,var(--spacer-size))}.e-con-inner>.elementor-widget-spacer.elementor-widget-empty,.e-con>.elementor-widget-spacer.elementor-widget-empty{position:relative;min-height:22px;min-width:22px}.e-con-inner>.elementor-widget-spacer.elementor-widget-empty .elementor-widget-empty-icon,.e-con>.elementor-widget-spacer.elementor-widget-empty .elementor-widget-empty-icon{position:absolute;top:0;bottom:0;left:0;right:0;margin:auto;padding:0;width:22px;height:22px}<\/style>\t\t<div class=\"elementor-spacer\">\n\t\t\t<div class=\"elementor-spacer-inner\"><\/div>\n\t\t<\/div>\n\t\t\t\t<\/div>\n\t\t\t\t<\/div>\n\t\t\t\t<div class=\"elementor-element elementor-element-79df3e9 elementor-widget elementor-widget-text-editor\" data-id=\"79df3e9\" data-element_type=\"widget\" data-widget_type=\"text-editor.default\">\n\t\t\t\t<div class=\"elementor-widget-container\">\n\t\t\t<style>\/*! elementor - v3.18.0 - 20-12-2023 *\/\n.elementor-widget-text-editor.elementor-drop-cap-view-stacked .elementor-drop-cap{background-color:#69727d;color:#fff}.elementor-widget-text-editor.elementor-drop-cap-view-framed .elementor-drop-cap{color:#69727d;border:3px solid;background-color:transparent}.elementor-widget-text-editor:not(.elementor-drop-cap-view-default) .elementor-drop-cap{margin-top:8px}.elementor-widget-text-editor:not(.elementor-drop-cap-view-default) .elementor-drop-cap-letter{width:1em;height:1em}.elementor-widget-text-editor .elementor-drop-cap{float:left;text-align:center;line-height:1;font-size:50px}.elementor-widget-text-editor .elementor-drop-cap-letter{display:inline-block}<\/style>\t\t\t\t<div id=\"shopify-section-breadcrumb\" class=\"shopify-section breadcrumb-section\"><div id=\"breadcrumb\" class=\"page-header text-center\" data-parallax=\"\" data-section-id=\"breadcrumb\" data-section-type=\"page-header\"><div class=\"container\"><h4 class=\"wp-block-heading\">\u00a0<\/h4><\/div><\/div><\/div><p><a href=\"https:\/\/dicreas.com\/en\/\">www.dicreas.com<\/a> se ha comprometido a hacer accesible su sitio web, de conformidad con el Real Decreto 1112\/2018, de 7 de septiembre, sobre accesibilidad de los sitios web y aplicaciones para dispositivos m\u00f3viles del sector p\u00fablico.<\/p><p>La presente declaraci\u00f3n de accesibilidad se aplica a www.dicreas.com<\/p><h3 class=\"wp-block-heading\">1.<strong>\u00a0Situaci\u00f3n de cumplimiento<\/strong><\/h3><p>Este sitio web es parcialmente conforme con el Real Decreto 1112\/2018, de 7 de septiembre debido a la falta de conformidad de los aspectos que se indican a continuaci\u00f3n.<\/p><h3>2.\u00a0<strong>Contenido no accesible<\/strong><\/h3><p>El contenido que se recoge a continuaci\u00f3n no es accesible por lo siguiente:<\/p><ul><li>Falta de conformidad con el Real Decreto 1112\/2018, de 7 de septiembre: podr\u00edan existir diversos fallos de edici\u00f3n en alguna p\u00e1gina web, tanto en contenidos HMTL como en documentos finales, publicados en fecha posterior al 20 de septiembre de 2018.<\/li><li>Carga desproporcionada: no aplica<\/li><li>El contenido no entra dentro del \u00e1mbito de la legislaci\u00f3n aplicable: Pueden existir documentos en formato PDF publicados antes del 20 de septiembre de 2018 que no cumplan en su totalidad todos los requisitos de accesibilidad.<\/li><\/ul><h3>3.\u00a0<strong>Preparaci\u00f3n de la presente declaraci\u00f3n de accesibilidad<\/strong><\/h3><p>La presente declaraci\u00f3n fue preparada el 17 de agosto de 2023.<\/p><p>Autoevaluaci\u00f3n con recursos internos.<\/p><h3><strong>4. Observaciones y datos de contacto<\/strong><\/h3><h4><strong>Comunicaciones sobre requisitos de accesibilidad<\/strong><\/h4><p>Puede realizar comunicaciones sobre requisitos de accesibilidad (art\u00edculo 10.2.a) del Real Decreto 1112\/2018, de 7 de septiembre, a trav\u00e9s de nuestro email ana.nunez@dicreas.com<\/p><p>Por ejemplo:<\/p><ul><li>Informar sobre cualquier posible incumplimiento por parte de este sitio web.<\/li><li>Hacer una reclamaci\u00f3n sobre dificultades de acceso al contenido.<\/li><li>Formular cualquier otra consulta o sugerencia de mejora relativa a la accesibilidad del sitio web.<\/li><\/ul><p>Puede contactarnos, asimismo, a trav\u00e9s de las siguientes v\u00edas:<br \/><strong>Tel\u00e9fono<\/strong>: (+34 ) 661 182 422<br \/><strong>Email:<\/strong> ana.nunez@dicreas.com<\/p><h4><strong>Solicitudes de informaci\u00f3n accesible y quejas<\/strong><\/h4><p>Para hacer solicitudes de informaci\u00f3n accesible y quejas (art\u00edculo 12 del Real Decreto 1112\/2017, de 7 de septiembre) hay que enviar un email a info.nodoconcept@gmail.com\u00a0y establecer en el asunto \u00abContenidos accesibles\u00bb.<\/p><p>Cualquier persona f\u00edsica o jur\u00eddica puede formular quejas relativas al cumplimiento de los requisitos del Real Decreto 1112\/2018, de 7 de septiembre, y solicitar informaci\u00f3n relativa a contenidos que est\u00e9n excluidos del \u00e1mbito de aplicaci\u00f3n de esta normativa.<\/p><p>Las solicitudes y quejas que se registran conforme a los requisitos establecidos por la Ley 39\/2015 de 1 de octubre, del Procedimiento Administrativo Com\u00fan de las Administraciones P\u00fablicas.<\/p><h4><strong>5. Procedimiento de aplicaci\u00f3n<\/strong><\/h4><p>Si una vez realizada una solicitud de informaci\u00f3n accesible o queja esta ha sido desestimada, no est\u00e1s de acuerdo con la decisi\u00f3n adoptada o la respuesta no cumple con los requisitos del art\u00edculo 15.2 del Real Decreto 1112\/2018, de 7 de septiembre, puedes iniciar una reclamaci\u00f3n para:<\/p><ul><li>Conocer y oponerte a los motivos de la desestimaci\u00f3n.<\/li><li>Instar a la adopci\u00f3n de las medidas oportunas en caso de no estar de acuerdo con la decisi\u00f3n adoptada.<\/li><li>Exponer las razones por las cuales consideras que la respuesta no cumple con los requisitos exigidos.<\/li><\/ul><p>El procedimiento reclamaci\u00f3n recogido en el art\u00edculo 13 del RD 1112\/2018, puede iniciarse a trav\u00e9s del env\u00edo de un email a ana.nunez@dicreas.com.<\/p>\t\t\t\t\t\t<\/div>\n\t\t\t\t<\/div>\n\t\t\t\t\t<\/div>\n\t\t\t\t<\/div>\n\t\t\t\t\t\t\t<\/div>","protected":false},"excerpt":{"rendered":"<p>\u00a0 www.dicreas.com se ha comprometido a hacer accesible su sitio web, de conformidad con el Real Decreto 1112\/2018, de 7 de septiembre, sobre accesibilidad de los sitios web y aplicaciones para dispositivos m\u00f3viles del sector p\u00fablico. La presente declaraci\u00f3n de accesibilidad se aplica a www.dicreas.com 1.\u00a0Situaci\u00f3n de cumplimiento Este sitio web es parcialmente conforme con el Real Decreto 1112\/2018, de 7 de septiembre debido a la falta de conformidad de los aspectos que se indican a continuaci\u00f3n. 2.\u00a0Contenido no accesible El contenido que se recoge a continuaci\u00f3n no es accesible por lo siguiente: Falta de conformidad con el Real Decreto 1112\/2018, de 7 de septiembre: podr\u00edan existir diversos fallos de edici\u00f3n en alguna p\u00e1gina web, tanto en contenidos HMTL como en documentos finales, publicados en fecha posterior al 20 de septiembre de 2018. Carga desproporcionada: no aplica El contenido no entra dentro del \u00e1mbito de la legislaci\u00f3n aplicable: Pueden existir documentos en formato PDF publicados antes del 20 de septiembre de 2018 que no cumplan en su totalidad todos los requisitos de accesibilidad. 3.\u00a0Preparaci\u00f3n de la presente declaraci\u00f3n de accesibilidad La presente declaraci\u00f3n fue preparada el 17 de agosto de 2023. Autoevaluaci\u00f3n con recursos internos. 4. Observaciones y datos de contacto Comunicaciones sobre requisitos de accesibilidad Puede realizar comunicaciones sobre requisitos de accesibilidad (art\u00edculo 10.2.a) del Real Decreto 1112\/2018, de 7 de septiembre, a trav\u00e9s de nuestro email ana.nunez@dicreas.com Por ejemplo: Informar sobre cualquier posible incumplimiento por parte de este sitio web. Hacer una reclamaci\u00f3n sobre dificultades de acceso al contenido. Formular cualquier otra consulta o sugerencia de mejora relativa a la accesibilidad del sitio web. Puede contactarnos, asimismo, a trav\u00e9s de las siguientes v\u00edas:Tel\u00e9fono: (+34 ) 661 182 422Email: ana.nunez@dicreas.com Solicitudes de informaci\u00f3n accesible y quejas Para hacer solicitudes de informaci\u00f3n accesible y quejas (art\u00edculo 12 del Real Decreto 1112\/2017, de 7 de septiembre) hay que enviar un email a info.nodoconcept@gmail.com\u00a0y establecer en el asunto \u00abContenidos accesibles\u00bb. Cualquier persona f\u00edsica o jur\u00eddica puede formular quejas relativas al cumplimiento de los requisitos del Real Decreto 1112\/2018, de 7 de septiembre, y solicitar informaci\u00f3n relativa a contenidos que est\u00e9n excluidos del \u00e1mbito de aplicaci\u00f3n de esta normativa. Las solicitudes y quejas que se registran conforme a los requisitos establecidos por la Ley 39\/2015 de 1 de octubre, del Procedimiento Administrativo Com\u00fan de las Administraciones P\u00fablicas. 5. Procedimiento de aplicaci\u00f3n Si una vez realizada una solicitud de informaci\u00f3n accesible o queja esta ha sido desestimada, no est\u00e1s de acuerdo con la decisi\u00f3n adoptada o la respuesta no cumple con los requisitos del art\u00edculo 15.2 del Real Decreto 1112\/2018, de 7 de septiembre, puedes iniciar una reclamaci\u00f3n para: Conocer y oponerte a los motivos de la desestimaci\u00f3n. Instar a la adopci\u00f3n de las medidas oportunas en caso de no estar de acuerdo con la decisi\u00f3n adoptada. Exponer las razones por las cuales consideras que la respuesta no cumple con los requisitos exigidos. El procedimiento reclamaci\u00f3n recogido en el art\u00edculo 13 del RD 1112\/2018, puede iniciarse a trav\u00e9s del env\u00edo de un email a ana.nunez@dicreas.com.<\/p>","protected":false},"author":1,"featured_media":0,"parent":0,"menu_order":0,"comment_status":"closed","ping_status":"closed","template":"","meta":{"footnotes":""},"yoast_head":"<!-- This site is optimized with the Yoast SEO plugin v21.8.1 - https:\/\/yoast.com\/wordpress\/plugins\/seo\/ -->\n<title>Declaraci\u00f3n de accesibilidad - Dicreas Logopedia<\/title>\n<meta name=\"robots\" content=\"index, follow, max-snippet:-1, max-image-preview:large, max-video-preview:-1\" \/>\n<link rel=\"canonical\" href=\"https:\/\/dicreas.com\/en\/declaracion-de-accesibilidad\/\" \/>\n<meta property=\"og:locale\" content=\"en_GB\" \/>\n<meta property=\"og:type\" content=\"article\" \/>\n<meta property=\"og:title\" content=\"Declaraci\u00f3n de accesibilidad - Dicreas Logopedia\" \/>\n<meta property=\"og:description\" content=\"\u00a0 www.dicreas.com se ha comprometido a hacer accesible su sitio web, de conformidad con el Real Decreto 1112\/2018, de 7 de septiembre, sobre accesibilidad de los sitios web y aplicaciones para dispositivos m\u00f3viles del sector p\u00fablico. La presente declaraci\u00f3n de accesibilidad se aplica a www.dicreas.com 1.\u00a0Situaci\u00f3n de cumplimiento Este sitio web es parcialmente conforme con el Real Decreto 1112\/2018, de 7 de septiembre debido a la falta de conformidad de los aspectos que se indican a continuaci\u00f3n. 2.\u00a0Contenido no accesible El contenido que se recoge a continuaci\u00f3n no es accesible por lo siguiente: Falta de conformidad con el Real Decreto 1112\/2018, de 7 de septiembre: podr\u00edan existir diversos fallos de edici\u00f3n en alguna p\u00e1gina web, tanto en contenidos HMTL como en documentos finales, publicados en fecha posterior al 20 de septiembre de 2018. Carga desproporcionada: no aplica El contenido no entra dentro del \u00e1mbito de la legislaci\u00f3n aplicable: Pueden existir documentos en formato PDF publicados antes del 20 de septiembre de 2018 que no cumplan en su totalidad todos los requisitos de accesibilidad. 3.\u00a0Preparaci\u00f3n de la presente declaraci\u00f3n de accesibilidad La presente declaraci\u00f3n fue preparada el 17 de agosto de 2023. Autoevaluaci\u00f3n con recursos internos. 4. Observaciones y datos de contacto Comunicaciones sobre requisitos de accesibilidad Puede realizar comunicaciones sobre requisitos de accesibilidad (art\u00edculo 10.2.a) del Real Decreto 1112\/2018, de 7 de septiembre, a trav\u00e9s de nuestro email ana.nunez@dicreas.com Por ejemplo: Informar sobre cualquier posible incumplimiento por parte de este sitio web. Hacer una reclamaci\u00f3n sobre dificultades de acceso al contenido. Formular cualquier otra consulta o sugerencia de mejora relativa a la accesibilidad del sitio web. Puede contactarnos, asimismo, a trav\u00e9s de las siguientes v\u00edas:Tel\u00e9fono: (+34 ) 661 182 422Email: ana.nunez@dicreas.com Solicitudes de informaci\u00f3n accesible y quejas Para hacer solicitudes de informaci\u00f3n accesible y quejas (art\u00edculo 12 del Real Decreto 1112\/2017, de 7 de septiembre) hay que enviar un email a info.nodoconcept@gmail.com\u00a0y establecer en el asunto \u00abContenidos accesibles\u00bb. Cualquier persona f\u00edsica o jur\u00eddica puede formular quejas relativas al cumplimiento de los requisitos del Real Decreto 1112\/2018, de 7 de septiembre, y solicitar informaci\u00f3n relativa a contenidos que est\u00e9n excluidos del \u00e1mbito de aplicaci\u00f3n de esta normativa. Las solicitudes y quejas que se registran conforme a los requisitos establecidos por la Ley 39\/2015 de 1 de octubre, del Procedimiento Administrativo Com\u00fan de las Administraciones P\u00fablicas. 5. Procedimiento de aplicaci\u00f3n Si una vez realizada una solicitud de informaci\u00f3n accesible o queja esta ha sido desestimada, no est\u00e1s de acuerdo con la decisi\u00f3n adoptada o la respuesta no cumple con los requisitos del art\u00edculo 15.2 del Real Decreto 1112\/2018, de 7 de septiembre, puedes iniciar una reclamaci\u00f3n para: Conocer y oponerte a los motivos de la desestimaci\u00f3n. Instar a la adopci\u00f3n de las medidas oportunas en caso de no estar de acuerdo con la decisi\u00f3n adoptada. Exponer las razones por las cuales consideras que la respuesta no cumple con los requisitos exigidos. El procedimiento reclamaci\u00f3n recogido en el art\u00edculo 13 del RD 1112\/2018, puede iniciarse a trav\u00e9s del env\u00edo de un email a ana.nunez@dicreas.com.\" \/>\n<meta property=\"og:url\" content=\"https:\/\/dicreas.com\/en\/declaracion-de-accesibilidad\/\" \/>\n<meta property=\"og:site_name\" content=\"Dicreas Logopedia\" \/>\n<meta property=\"article:publisher\" content=\"https:\/\/www.facebook.com\/Dicreaslogopedia\/\" \/>\n<meta property=\"article:modified_time\" content=\"2023-12-03T11:41:00+00:00\" \/>\n<meta name=\"twitter:card\" content=\"summary_large_image\" \/>\n<meta name=\"twitter:label1\" content=\"Estimated reading time\" \/>\n\t<meta name=\"twitter:data1\" content=\"3 minutes\" \/>\n<script type=\"application\/ld+json\" class=\"yoast-schema-graph\">{\"@context\":\"https:\/\/schema.org\",\"@graph\":[{\"@type\":\"WebPage\",\"@id\":\"https:\/\/dicreas.com\/declaracion-de-accesibilidad\/\",\"url\":\"https:\/\/dicreas.com\/declaracion-de-accesibilidad\/\",\"name\":\"Declaraci\u00f3n de accesibilidad - Dicreas Logopedia\",\"isPartOf\":{\"@id\":\"https:\/\/dicreas.com\/#website\"},\"datePublished\":\"2023-10-23T09:50:08+00:00\",\"dateModified\":\"2023-12-03T11:41:00+00:00\",\"breadcrumb\":{\"@id\":\"https:\/\/dicreas.com\/declaracion-de-accesibilidad\/#breadcrumb\"},\"inLanguage\":\"en-GB\",\"potentialAction\":[{\"@type\":\"ReadAction\",\"target\":[\"https:\/\/dicreas.com\/declaracion-de-accesibilidad\/\"]}]},{\"@type\":\"BreadcrumbList\",\"@id\":\"https:\/\/dicreas.com\/declaracion-de-accesibilidad\/#breadcrumb\",\"itemListElement\":[{\"@type\":\"ListItem\",\"position\":1,\"name\":\"Portada\",\"item\":\"https:\/\/dicreas.com\/\"},{\"@type\":\"ListItem\",\"position\":2,\"name\":\"Declaraci\u00f3n de accesibilidad\"}]},{\"@type\":\"WebSite\",\"@id\":\"https:\/\/dicreas.com\/#website\",\"url\":\"https:\/\/dicreas.com\/\",\"name\":\"https:\/\/www.dicreas.com\",\"description\":\"Logopedia y Psicopedagog\u00eda en M\u00e1laga\",\"publisher\":{\"@id\":\"https:\/\/dicreas.com\/#organization\"},\"potentialAction\":[{\"@type\":\"SearchAction\",\"target\":{\"@type\":\"EntryPoint\",\"urlTemplate\":\"https:\/\/dicreas.com\/?s={search_term_string}\"},\"query-input\":\"required name=search_term_string\"}],\"inLanguage\":\"en-GB\"},{\"@type\":\"Organization\",\"@id\":\"https:\/\/dicreas.com\/#organization\",\"name\":\"https:\/\/www.dicreas.com\/\",\"url\":\"https:\/\/dicreas.com\/\",\"logo\":{\"@type\":\"ImageObject\",\"inLanguage\":\"en-GB\",\"@id\":\"https:\/\/dicreas.com\/#\/schema\/logo\/image\/\",\"url\":\"https:\/\/dicreas.com\/wp-content\/uploads\/2023\/10\/Logo-turquesa.png\",\"contentUrl\":\"https:\/\/dicreas.com\/wp-content\/uploads\/2023\/10\/Logo-turquesa.png\",\"width\":148,\"height\":69,\"caption\":\"https:\/\/www.dicreas.com\/\"},\"image\":{\"@id\":\"https:\/\/dicreas.com\/#\/schema\/logo\/image\/\"},\"sameAs\":[\"https:\/\/www.facebook.com\/Dicreaslogopedia\/\"]}]}<\/script>\n<!-- \/ Yoast SEO plugin. -->","yoast_head_json":{"title":"Declaraci\u00f3n de accesibilidad - Dicreas Logopedia","robots":{"index":"index","follow":"follow","max-snippet":"max-snippet:-1","max-image-preview":"max-image-preview:large","max-video-preview":"max-video-preview:-1"},"canonical":"https:\/\/dicreas.com\/en\/declaracion-de-accesibilidad\/","og_locale":"en_GB","og_type":"article","og_title":"Declaraci\u00f3n de accesibilidad - Dicreas Logopedia","og_description":"\u00a0 www.dicreas.com se ha comprometido a hacer accesible su sitio web, de conformidad con el Real Decreto 1112\/2018, de 7 de septiembre, sobre accesibilidad de los sitios web y aplicaciones para dispositivos m\u00f3viles del sector p\u00fablico. La presente declaraci\u00f3n de accesibilidad se aplica a www.dicreas.com 1.\u00a0Situaci\u00f3n de cumplimiento Este sitio web es parcialmente conforme con el Real Decreto 1112\/2018, de 7 de septiembre debido a la falta de conformidad de los aspectos que se indican a continuaci\u00f3n. 2.\u00a0Contenido no accesible El contenido que se recoge a continuaci\u00f3n no es accesible por lo siguiente: Falta de conformidad con el Real Decreto 1112\/2018, de 7 de septiembre: podr\u00edan existir diversos fallos de edici\u00f3n en alguna p\u00e1gina web, tanto en contenidos HMTL como en documentos finales, publicados en fecha posterior al 20 de septiembre de 2018. Carga desproporcionada: no aplica El contenido no entra dentro del \u00e1mbito de la legislaci\u00f3n aplicable: Pueden existir documentos en formato PDF publicados antes del 20 de septiembre de 2018 que no cumplan en su totalidad todos los requisitos de accesibilidad. 3.\u00a0Preparaci\u00f3n de la presente declaraci\u00f3n de accesibilidad La presente declaraci\u00f3n fue preparada el 17 de agosto de 2023. Autoevaluaci\u00f3n con recursos internos. 4. Observaciones y datos de contacto Comunicaciones sobre requisitos de accesibilidad Puede realizar comunicaciones sobre requisitos de accesibilidad (art\u00edculo 10.2.a) del Real Decreto 1112\/2018, de 7 de septiembre, a trav\u00e9s de nuestro email ana.nunez@dicreas.com Por ejemplo: Informar sobre cualquier posible incumplimiento por parte de este sitio web. Hacer una reclamaci\u00f3n sobre dificultades de acceso al contenido. Formular cualquier otra consulta o sugerencia de mejora relativa a la accesibilidad del sitio web. Puede contactarnos, asimismo, a trav\u00e9s de las siguientes v\u00edas:Tel\u00e9fono: (+34 ) 661 182 422Email: ana.nunez@dicreas.com Solicitudes de informaci\u00f3n accesible y quejas Para hacer solicitudes de informaci\u00f3n accesible y quejas (art\u00edculo 12 del Real Decreto 1112\/2017, de 7 de septiembre) hay que enviar un email a info.nodoconcept@gmail.com\u00a0y establecer en el asunto \u00abContenidos accesibles\u00bb. Cualquier persona f\u00edsica o jur\u00eddica puede formular quejas relativas al cumplimiento de los requisitos del Real Decreto 1112\/2018, de 7 de septiembre, y solicitar informaci\u00f3n relativa a contenidos que est\u00e9n excluidos del \u00e1mbito de aplicaci\u00f3n de esta normativa. Las solicitudes y quejas que se registran conforme a los requisitos establecidos por la Ley 39\/2015 de 1 de octubre, del Procedimiento Administrativo Com\u00fan de las Administraciones P\u00fablicas. 5. Procedimiento de aplicaci\u00f3n Si una vez realizada una solicitud de informaci\u00f3n accesible o queja esta ha sido desestimada, no est\u00e1s de acuerdo con la decisi\u00f3n adoptada o la respuesta no cumple con los requisitos del art\u00edculo 15.2 del Real Decreto 1112\/2018, de 7 de septiembre, puedes iniciar una reclamaci\u00f3n para: Conocer y oponerte a los motivos de la desestimaci\u00f3n. Instar a la adopci\u00f3n de las medidas oportunas en caso de no estar de acuerdo con la decisi\u00f3n adoptada. Exponer las razones por las cuales consideras que la respuesta no cumple con los requisitos exigidos. El procedimiento reclamaci\u00f3n recogido en el art\u00edculo 13 del RD 1112\/2018, puede iniciarse a trav\u00e9s del env\u00edo de un email a ana.nunez@dicreas.com.","og_url":"https:\/\/dicreas.com\/en\/declaracion-de-accesibilidad\/","og_site_name":"Dicreas Logopedia","article_publisher":"https:\/\/www.facebook.com\/Dicreaslogopedia\/","article_modified_time":"2023-12-03T11:41:00+00:00","twitter_card":"summary_large_image","twitter_misc":{"Estimated reading time":"3 minutes"},"schema":{"@context":"https:\/\/schema.org","@graph":[{"@type":"WebPage","@id":"https:\/\/dicreas.com\/declaracion-de-accesibilidad\/","url":"https:\/\/dicreas.com\/declaracion-de-accesibilidad\/","name":"Declaraci\u00f3n de accesibilidad - Dicreas Logopedia","isPartOf":{"@id":"https:\/\/dicreas.com\/#website"},"datePublished":"2023-10-23T09:50:08+00:00","dateModified":"2023-12-03T11:41:00+00:00","breadcrumb":{"@id":"https:\/\/dicreas.com\/declaracion-de-accesibilidad\/#breadcrumb"},"inLanguage":"en-GB","potentialAction":[{"@type":"ReadAction","target":["https:\/\/dicreas.com\/declaracion-de-accesibilidad\/"]}]},{"@type":"BreadcrumbList","@id":"https:\/\/dicreas.com\/declaracion-de-accesibilidad\/#breadcrumb","itemListElement":[{"@type":"ListItem","position":1,"name":"Portada","item":"https:\/\/dicreas.com\/"},{"@type":"ListItem","position":2,"name":"Declaraci\u00f3n de accesibilidad"}]},{"@type":"WebSite","@id":"https:\/\/dicreas.com\/#website","url":"https:\/\/dicreas.com\/","name":"https:\/\/www.dicreas.com","description":"Logopedia y Psicopedagog\u00eda en M\u00e1laga","publisher":{"@id":"https:\/\/dicreas.com\/#organization"},"potentialAction":[{"@type":"SearchAction","target":{"@type":"EntryPoint","urlTemplate":"https:\/\/dicreas.com\/?s={search_term_string}"},"query-input":"required name=search_term_string"}],"inLanguage":"en-GB"},{"@type":"Organization","@id":"https:\/\/dicreas.com\/#organization","name":"https:\/\/www.dicreas.com\/","url":"https:\/\/dicreas.com\/","logo":{"@type":"ImageObject","inLanguage":"en-GB","@id":"https:\/\/dicreas.com\/#\/schema\/logo\/image\/","url":"https:\/\/dicreas.com\/wp-content\/uploads\/2023\/10\/Logo-turquesa.png","contentUrl":"https:\/\/dicreas.com\/wp-content\/uploads\/2023\/10\/Logo-turquesa.png","width":148,"height":69,"caption":"https:\/\/www.dicreas.com\/"},"image":{"@id":"https:\/\/dicreas.com\/#\/schema\/logo\/image\/"},"sameAs":["https:\/\/www.facebook.com\/Dicreaslogopedia\/"]}]}},"_links":{"self":[{"href":"https:\/\/dicreas.com\/en\/wp-json\/wp\/v2\/pages\/1372"}],"collection":[{"href":"https:\/\/dicreas.com\/en\/wp-json\/wp\/v2\/pages"}],"about":[{"href":"https:\/\/dicreas.com\/en\/wp-json\/wp\/v2\/types\/page"}],"author":[{"embeddable":true,"href":"https:\/\/dicreas.com\/en\/wp-json\/wp\/v2\/users\/1"}],"replies":[{"embeddable":true,"href":"https:\/\/dicreas.com\/en\/wp-json\/wp\/v2\/comments?post=1372"}],"version-history":[{"count":41,"href":"https:\/\/dicreas.com\/en\/wp-json\/wp\/v2\/pages\/1372\/revisions"}],"predecessor-version":[{"id":3396,"href":"https:\/\/dicreas.com\/en\/wp-json\/wp\/v2\/pages\/1372\/revisions\/3396"}],"wp:attachment":[{"href":"https:\/\/dicreas.com\/en\/wp-json\/wp\/v2\/media?parent=1372"}],"curies":[{"name":"wp","href":"https:\/\/api.w.org\/{rel}","templated":true}]}}