{"id":2805,"date":"2023-11-29T12:29:51","date_gmt":"2023-11-29T11:29:51","guid":{"rendered":"https:\/\/dicreas.com\/?page_id=2805"},"modified":"2023-12-03T12:25:46","modified_gmt":"2023-12-03T11:25:46","slug":"aviso-legal","status":"publish","type":"page","link":"https:\/\/dicreas.com\/en\/aviso-legal\/","title":{"rendered":"Legal warning"},"content":{"rendered":"<style>.elementor-2805 .elementor-element.elementor-element-bc9313b{--display:flex;--background-transition:0.3s;}.elementor-2805 .elementor-element.elementor-element-6572bb7{--spacer-size:50px;}.elementor-2805 .elementor-element.elementor-element-a5ad44e{color:#015958;}<\/style>\t\t<div data-elementor-type=\"wp-page\" data-elementor-id=\"2805\" class=\"elementor elementor-2805\" data-elementor-post-type=\"page\">\n\t\t\t\t\t\t\t<div class=\"elementor-element elementor-element-bc9313b e-flex e-con-boxed wpr-particle-no wpr-jarallax-no wpr-parallax-no wpr-sticky-section-no e-con e-parent\" data-id=\"bc9313b\" data-element_type=\"container\" data-settings=\"{&quot;content_width&quot;:&quot;boxed&quot;}\" data-core-v316-plus=\"true\">\n\t\t\t\t\t<div class=\"e-con-inner\">\n\t\t\t\t<div class=\"elementor-element elementor-element-6572bb7 elementor-widget elementor-widget-spacer\" data-id=\"6572bb7\" data-element_type=\"widget\" data-widget_type=\"spacer.default\">\n\t\t\t\t<div class=\"elementor-widget-container\">\n\t\t\t<style>\/*! elementor - v3.18.0 - 20-12-2023 *\/\n.elementor-column .elementor-spacer-inner{height:var(--spacer-size)}.e-con{--container-widget-width:100%}.e-con-inner>.elementor-widget-spacer,.e-con>.elementor-widget-spacer{width:var(--container-widget-width,var(--spacer-size));--align-self:var(--container-widget-align-self,initial);--flex-shrink:0}.e-con-inner>.elementor-widget-spacer>.elementor-widget-container,.e-con>.elementor-widget-spacer>.elementor-widget-container{height:100%;width:100%}.e-con-inner>.elementor-widget-spacer>.elementor-widget-container>.elementor-spacer,.e-con>.elementor-widget-spacer>.elementor-widget-container>.elementor-spacer{height:100%}.e-con-inner>.elementor-widget-spacer>.elementor-widget-container>.elementor-spacer>.elementor-spacer-inner,.e-con>.elementor-widget-spacer>.elementor-widget-container>.elementor-spacer>.elementor-spacer-inner{height:var(--container-widget-height,var(--spacer-size))}.e-con-inner>.elementor-widget-spacer.elementor-widget-empty,.e-con>.elementor-widget-spacer.elementor-widget-empty{position:relative;min-height:22px;min-width:22px}.e-con-inner>.elementor-widget-spacer.elementor-widget-empty .elementor-widget-empty-icon,.e-con>.elementor-widget-spacer.elementor-widget-empty .elementor-widget-empty-icon{position:absolute;top:0;bottom:0;left:0;right:0;margin:auto;padding:0;width:22px;height:22px}<\/style>\t\t<div class=\"elementor-spacer\">\n\t\t\t<div class=\"elementor-spacer-inner\"><\/div>\n\t\t<\/div>\n\t\t\t\t<\/div>\n\t\t\t\t<\/div>\n\t\t\t\t<div class=\"elementor-element elementor-element-a5ad44e elementor-widget elementor-widget-text-editor\" data-id=\"a5ad44e\" data-element_type=\"widget\" data-widget_type=\"text-editor.default\">\n\t\t\t\t<div class=\"elementor-widget-container\">\n\t\t\t<style>\/*! elementor - v3.18.0 - 20-12-2023 *\/\n.elementor-widget-text-editor.elementor-drop-cap-view-stacked .elementor-drop-cap{background-color:#69727d;color:#fff}.elementor-widget-text-editor.elementor-drop-cap-view-framed .elementor-drop-cap{color:#69727d;border:3px solid;background-color:transparent}.elementor-widget-text-editor:not(.elementor-drop-cap-view-default) .elementor-drop-cap{margin-top:8px}.elementor-widget-text-editor:not(.elementor-drop-cap-view-default) .elementor-drop-cap-letter{width:1em;height:1em}.elementor-widget-text-editor .elementor-drop-cap{float:left;text-align:center;line-height:1;font-size:50px}.elementor-widget-text-editor .elementor-drop-cap-letter{display:inline-block}<\/style>\t\t\t\t<p class=\"p1\"><strong>AVISO LEGAL PARA SITIO WEB DE LOGOPEDIA<\/strong><\/p><p class=\"p1\">Este Aviso Legal regula el acceso y el uso del sitio web\u00a0<a href=\"https:\/\/dicreas.com\/en\/\" target=\"_blank\" rel=\"noopener\">www.dicreas.com<\/a>, en adelante \u00abel Sitio\u00bb, propiedad de Ana Isabel N\u00fa\u00f1ez Cintado (en adelante DICREAS LOGOPEDIA), con domicilio en Calle Amadeo Vives, 1, 29002 M\u00e1laga, y n\u00famero de identificaci\u00f3n fiscal 25605151X.<\/p><p class=\"p1\"><strong>1. PROPIEDAD INTELECTUAL E INDUSTRIAL<\/strong><\/p><p class=\"p1\">El contenido del sitio, incluyendo textos, im\u00e1genes, logotipos, gr\u00e1ficos, v\u00eddeos, y cualquier otro material, est\u00e1 protegido por derechos de propiedad intelectual e industrial. Los derechos de propiedad intelectual sobre los contenidos pertenecen exclusivamente a DICREAS LOGOPEDIA. Queda prohibida su reproducci\u00f3n, distribuci\u00f3n, comunicaci\u00f3n p\u00fablica y transformaci\u00f3n sin la autorizaci\u00f3n expresa de los titulares.<\/p><p class=\"p1\"><strong>2. RESPONSABILIDAD<\/strong><\/p><p class=\"p1\">El acceso y uso del Sitio es responsabilidad exclusiva del usuario. DICREAS LOGOPEDIA no se hace responsable de los da\u00f1os que puedan derivarse del acceso, uso, o mala utilizaci\u00f3n de los contenidos.<\/p><p class=\"p1\"><strong>3. ENLACES EXTERNOS<\/strong><\/p><p class=\"p1\">El Sitio puede contener enlaces a sitios web de terceros. DICREAS LOGOPEDIA no asume ninguna responsabilidad por el contenido, informaciones o servicios que puedan aparecer en dichos sitios, que tendr\u00e1n un car\u00e1cter exclusivamente informativo y que en ning\u00fan caso implican relaci\u00f3n alguna entre DICREAS LOGOPEDIA y las personas o entidades titulares de tales contenidos o titulares de los sitios donde se encuentren.<\/p><p class=\"p1\"><strong>4. PROTECCI\u00d3N DE DATOS PERSONALES<\/strong><\/p><p class=\"p1\">El tratamiento de datos personales se regir\u00e1 por nuestra Pol\u00edtica de Privacidad, disponible en [<span class=\"s1\">Enlace a la Pol\u00edtica de Privacidad<\/span>].<\/p><p class=\"p1\"><strong>5. COOKIES<\/strong><\/p><p class=\"p1\">El Sitio utiliza cookies. Nuestra pol\u00edtica de cookies tiene como objetivo proporcionar una experiencia de usuario \u00f3ptima en nuestro sitio web. Utilizamos cookies para personalizar el contenido, ofrecer funciones de redes sociales y analizar nuestro tr\u00e1fico. Al continuar utilizando nuestro sitio, usted acepta el uso de cookies.<span class=\"Apple-converted-space\">\u00a0<\/span><\/p><p class=\"p1\"><strong>6. MODIFICACIONES<\/strong><\/p><p class=\"p1\">DICREAS LOGOPEDIA se reserva el derecho de realizar cambios en el Sitio, su contenido, o en las presentes condiciones de uso en cualquier momento y sin previo aviso.<\/p><p class=\"p1\"><strong>7. LEGISLACI\u00d3N APLICABLE Y JURISDICCI\u00d3N<\/strong><\/p><p class=\"p1\">La relaci\u00f3n entre DICREAS LOGOPEDIA y el usuario se regir\u00e1 por la legislaci\u00f3n vigente y cualquier controversia se someter\u00e1 a los juzgados y tribunales de M\u00e1laga.<\/p><p class=\"p1\">Fecha de la \u00faltima actualizaci\u00f3n: noviembre 2023.<\/p><p class=\"p1\">Ana Isabel N\u00fa\u00f1ez Cintado (DICREAS LOGOPEDIA)<\/p><p class=\"p1\">Direcci\u00f3n postal: Calle Amadeo Vives, 1, 29002, M\u00e1laga<\/p><p class=\"p1\">Tel\u00e9fono: 661182422<\/p><p class=\"p1\">Correo electr\u00f3nico: ana.nunez@dicreas.com<\/p><p class=\"p1\">Este Aviso Legal ha sido actualizado por \u00faltima vez el 30 de noviembre de 2023.<\/p>\t\t\t\t\t\t<\/div>\n\t\t\t\t<\/div>\n\t\t\t\t\t<\/div>\n\t\t\t\t<\/div>\n\t\t\t\t\t\t\t<\/div>","protected":false},"excerpt":{"rendered":"<p>AVISO LEGAL PARA SITIO WEB DE LOGOPEDIA Este Aviso Legal regula el acceso y el uso del sitio web\u00a0www.dicreas.com, en adelante \u00abel Sitio\u00bb, propiedad de Ana Isabel N\u00fa\u00f1ez Cintado (en adelante DICREAS LOGOPEDIA), con domicilio en Calle Amadeo Vives, 1, 29002 M\u00e1laga, y n\u00famero de identificaci\u00f3n fiscal 25605151X. 1. PROPIEDAD INTELECTUAL E INDUSTRIAL El contenido del sitio, incluyendo textos, im\u00e1genes, logotipos, gr\u00e1ficos, v\u00eddeos, y cualquier otro material, est\u00e1 protegido por derechos de propiedad intelectual e industrial. Los derechos de propiedad intelectual sobre los contenidos pertenecen exclusivamente a DICREAS LOGOPEDIA. Queda prohibida su reproducci\u00f3n, distribuci\u00f3n, comunicaci\u00f3n p\u00fablica y transformaci\u00f3n sin la autorizaci\u00f3n expresa de los titulares. 2. RESPONSABILIDAD El acceso y uso del Sitio es responsabilidad exclusiva del usuario. DICREAS LOGOPEDIA no se hace responsable de los da\u00f1os que puedan derivarse del acceso, uso, o mala utilizaci\u00f3n de los contenidos. 3. ENLACES EXTERNOS El Sitio puede contener enlaces a sitios web de terceros. DICREAS LOGOPEDIA no asume ninguna responsabilidad por el contenido, informaciones o servicios que puedan aparecer en dichos sitios, que tendr\u00e1n un car\u00e1cter exclusivamente informativo y que en ning\u00fan caso implican relaci\u00f3n alguna entre DICREAS LOGOPEDIA y las personas o entidades titulares de tales contenidos o titulares de los sitios donde se encuentren. 4. PROTECCI\u00d3N DE DATOS PERSONALES El tratamiento de datos personales se regir\u00e1 por nuestra Pol\u00edtica de Privacidad, disponible en [Enlace a la Pol\u00edtica de Privacidad]. 5. COOKIES El Sitio utiliza cookies. Nuestra pol\u00edtica de cookies tiene como objetivo proporcionar una experiencia de usuario \u00f3ptima en nuestro sitio web. Utilizamos cookies para personalizar el contenido, ofrecer funciones de redes sociales y analizar nuestro tr\u00e1fico. Al continuar utilizando nuestro sitio, usted acepta el uso de cookies.\u00a0 6. MODIFICACIONES DICREAS LOGOPEDIA se reserva el derecho de realizar cambios en el Sitio, su contenido, o en las presentes condiciones de uso en cualquier momento y sin previo aviso. 7. LEGISLACI\u00d3N APLICABLE Y JURISDICCI\u00d3N La relaci\u00f3n entre DICREAS LOGOPEDIA y el usuario se regir\u00e1 por la legislaci\u00f3n vigente y cualquier controversia se someter\u00e1 a los juzgados y tribunales de M\u00e1laga. Fecha de la \u00faltima actualizaci\u00f3n: noviembre 2023. Ana Isabel N\u00fa\u00f1ez Cintado (DICREAS LOGOPEDIA) Direcci\u00f3n postal: Calle Amadeo Vives, 1, 29002, M\u00e1laga Tel\u00e9fono: 661182422 Correo electr\u00f3nico: ana.nunez@dicreas.com Este Aviso Legal ha sido actualizado por \u00faltima vez el 30 de noviembre de 2023.<\/p>","protected":false},"author":1,"featured_media":0,"parent":0,"menu_order":0,"comment_status":"closed","ping_status":"closed","template":"","meta":{"footnotes":""},"yoast_head":"<!-- This site is optimized with the Yoast SEO plugin v21.8.1 - https:\/\/yoast.com\/wordpress\/plugins\/seo\/ -->\n<title>Aviso Legal - Dicreas Logopedia<\/title>\n<meta name=\"robots\" content=\"index, follow, max-snippet:-1, max-image-preview:large, max-video-preview:-1\" \/>\n<link rel=\"canonical\" href=\"https:\/\/dicreas.com\/en\/aviso-legal\/\" \/>\n<meta property=\"og:locale\" content=\"en_GB\" \/>\n<meta property=\"og:type\" content=\"article\" \/>\n<meta property=\"og:title\" content=\"Aviso Legal - Dicreas Logopedia\" \/>\n<meta property=\"og:description\" content=\"AVISO LEGAL PARA SITIO WEB DE LOGOPEDIA Este Aviso Legal regula el acceso y el uso del sitio web\u00a0www.dicreas.com, en adelante \u00abel Sitio\u00bb, propiedad de Ana Isabel N\u00fa\u00f1ez Cintado (en adelante DICREAS LOGOPEDIA), con domicilio en Calle Amadeo Vives, 1, 29002 M\u00e1laga, y n\u00famero de identificaci\u00f3n fiscal 25605151X. 1. PROPIEDAD INTELECTUAL E INDUSTRIAL El contenido del sitio, incluyendo textos, im\u00e1genes, logotipos, gr\u00e1ficos, v\u00eddeos, y cualquier otro material, est\u00e1 protegido por derechos de propiedad intelectual e industrial. Los derechos de propiedad intelectual sobre los contenidos pertenecen exclusivamente a DICREAS LOGOPEDIA. Queda prohibida su reproducci\u00f3n, distribuci\u00f3n, comunicaci\u00f3n p\u00fablica y transformaci\u00f3n sin la autorizaci\u00f3n expresa de los titulares. 2. RESPONSABILIDAD El acceso y uso del Sitio es responsabilidad exclusiva del usuario. DICREAS LOGOPEDIA no se hace responsable de los da\u00f1os que puedan derivarse del acceso, uso, o mala utilizaci\u00f3n de los contenidos. 3. ENLACES EXTERNOS El Sitio puede contener enlaces a sitios web de terceros. DICREAS LOGOPEDIA no asume ninguna responsabilidad por el contenido, informaciones o servicios que puedan aparecer en dichos sitios, que tendr\u00e1n un car\u00e1cter exclusivamente informativo y que en ning\u00fan caso implican relaci\u00f3n alguna entre DICREAS LOGOPEDIA y las personas o entidades titulares de tales contenidos o titulares de los sitios donde se encuentren. 4. PROTECCI\u00d3N DE DATOS PERSONALES El tratamiento de datos personales se regir\u00e1 por nuestra Pol\u00edtica de Privacidad, disponible en [Enlace a la Pol\u00edtica de Privacidad]. 5. COOKIES El Sitio utiliza cookies. Nuestra pol\u00edtica de cookies tiene como objetivo proporcionar una experiencia de usuario \u00f3ptima en nuestro sitio web. Utilizamos cookies para personalizar el contenido, ofrecer funciones de redes sociales y analizar nuestro tr\u00e1fico. Al continuar utilizando nuestro sitio, usted acepta el uso de cookies.\u00a0 6. MODIFICACIONES DICREAS LOGOPEDIA se reserva el derecho de realizar cambios en el Sitio, su contenido, o en las presentes condiciones de uso en cualquier momento y sin previo aviso. 7. LEGISLACI\u00d3N APLICABLE Y JURISDICCI\u00d3N La relaci\u00f3n entre DICREAS LOGOPEDIA y el usuario se regir\u00e1 por la legislaci\u00f3n vigente y cualquier controversia se someter\u00e1 a los juzgados y tribunales de M\u00e1laga. Fecha de la \u00faltima actualizaci\u00f3n: noviembre 2023. Ana Isabel N\u00fa\u00f1ez Cintado (DICREAS LOGOPEDIA) Direcci\u00f3n postal: Calle Amadeo Vives, 1, 29002, M\u00e1laga Tel\u00e9fono: 661182422 Correo electr\u00f3nico: ana.nunez@dicreas.com Este Aviso Legal ha sido actualizado por \u00faltima vez el 30 de noviembre de 2023.\" \/>\n<meta property=\"og:url\" content=\"https:\/\/dicreas.com\/en\/aviso-legal\/\" \/>\n<meta property=\"og:site_name\" content=\"Dicreas Logopedia\" \/>\n<meta property=\"article:publisher\" content=\"https:\/\/www.facebook.com\/Dicreaslogopedia\/\" \/>\n<meta property=\"article:modified_time\" content=\"2023-12-03T11:25:46+00:00\" \/>\n<meta name=\"twitter:card\" content=\"summary_large_image\" \/>\n<meta name=\"twitter:label1\" content=\"Estimated reading time\" \/>\n\t<meta name=\"twitter:data1\" content=\"2 minutes\" \/>\n<script type=\"application\/ld+json\" class=\"yoast-schema-graph\">{\"@context\":\"https:\/\/schema.org\",\"@graph\":[{\"@type\":\"WebPage\",\"@id\":\"https:\/\/dicreas.com\/aviso-legal\/\",\"url\":\"https:\/\/dicreas.com\/aviso-legal\/\",\"name\":\"Aviso Legal - Dicreas Logopedia\",\"isPartOf\":{\"@id\":\"https:\/\/dicreas.com\/#website\"},\"datePublished\":\"2023-11-29T11:29:51+00:00\",\"dateModified\":\"2023-12-03T11:25:46+00:00\",\"breadcrumb\":{\"@id\":\"https:\/\/dicreas.com\/aviso-legal\/#breadcrumb\"},\"inLanguage\":\"en-GB\",\"potentialAction\":[{\"@type\":\"ReadAction\",\"target\":[\"https:\/\/dicreas.com\/aviso-legal\/\"]}]},{\"@type\":\"BreadcrumbList\",\"@id\":\"https:\/\/dicreas.com\/aviso-legal\/#breadcrumb\",\"itemListElement\":[{\"@type\":\"ListItem\",\"position\":1,\"name\":\"Portada\",\"item\":\"https:\/\/dicreas.com\/\"},{\"@type\":\"ListItem\",\"position\":2,\"name\":\"Aviso Legal\"}]},{\"@type\":\"WebSite\",\"@id\":\"https:\/\/dicreas.com\/#website\",\"url\":\"https:\/\/dicreas.com\/\",\"name\":\"https:\/\/www.dicreas.com\",\"description\":\"Logopedia y Psicopedagog\u00eda en M\u00e1laga\",\"publisher\":{\"@id\":\"https:\/\/dicreas.com\/#organization\"},\"potentialAction\":[{\"@type\":\"SearchAction\",\"target\":{\"@type\":\"EntryPoint\",\"urlTemplate\":\"https:\/\/dicreas.com\/?s={search_term_string}\"},\"query-input\":\"required name=search_term_string\"}],\"inLanguage\":\"en-GB\"},{\"@type\":\"Organization\",\"@id\":\"https:\/\/dicreas.com\/#organization\",\"name\":\"https:\/\/www.dicreas.com\/\",\"url\":\"https:\/\/dicreas.com\/\",\"logo\":{\"@type\":\"ImageObject\",\"inLanguage\":\"en-GB\",\"@id\":\"https:\/\/dicreas.com\/#\/schema\/logo\/image\/\",\"url\":\"https:\/\/dicreas.com\/wp-content\/uploads\/2023\/10\/Logo-turquesa.png\",\"contentUrl\":\"https:\/\/dicreas.com\/wp-content\/uploads\/2023\/10\/Logo-turquesa.png\",\"width\":148,\"height\":69,\"caption\":\"https:\/\/www.dicreas.com\/\"},\"image\":{\"@id\":\"https:\/\/dicreas.com\/#\/schema\/logo\/image\/\"},\"sameAs\":[\"https:\/\/www.facebook.com\/Dicreaslogopedia\/\"]}]}<\/script>\n<!-- \/ Yoast SEO plugin. -->","yoast_head_json":{"title":"Aviso Legal - Dicreas Logopedia","robots":{"index":"index","follow":"follow","max-snippet":"max-snippet:-1","max-image-preview":"max-image-preview:large","max-video-preview":"max-video-preview:-1"},"canonical":"https:\/\/dicreas.com\/en\/aviso-legal\/","og_locale":"en_GB","og_type":"article","og_title":"Aviso Legal - Dicreas Logopedia","og_description":"AVISO LEGAL PARA SITIO WEB DE LOGOPEDIA Este Aviso Legal regula el acceso y el uso del sitio web\u00a0www.dicreas.com, en adelante \u00abel Sitio\u00bb, propiedad de Ana Isabel N\u00fa\u00f1ez Cintado (en adelante DICREAS LOGOPEDIA), con domicilio en Calle Amadeo Vives, 1, 29002 M\u00e1laga, y n\u00famero de identificaci\u00f3n fiscal 25605151X. 1. PROPIEDAD INTELECTUAL E INDUSTRIAL El contenido del sitio, incluyendo textos, im\u00e1genes, logotipos, gr\u00e1ficos, v\u00eddeos, y cualquier otro material, est\u00e1 protegido por derechos de propiedad intelectual e industrial. Los derechos de propiedad intelectual sobre los contenidos pertenecen exclusivamente a DICREAS LOGOPEDIA. Queda prohibida su reproducci\u00f3n, distribuci\u00f3n, comunicaci\u00f3n p\u00fablica y transformaci\u00f3n sin la autorizaci\u00f3n expresa de los titulares. 2. RESPONSABILIDAD El acceso y uso del Sitio es responsabilidad exclusiva del usuario. DICREAS LOGOPEDIA no se hace responsable de los da\u00f1os que puedan derivarse del acceso, uso, o mala utilizaci\u00f3n de los contenidos. 3. ENLACES EXTERNOS El Sitio puede contener enlaces a sitios web de terceros. DICREAS LOGOPEDIA no asume ninguna responsabilidad por el contenido, informaciones o servicios que puedan aparecer en dichos sitios, que tendr\u00e1n un car\u00e1cter exclusivamente informativo y que en ning\u00fan caso implican relaci\u00f3n alguna entre DICREAS LOGOPEDIA y las personas o entidades titulares de tales contenidos o titulares de los sitios donde se encuentren. 4. PROTECCI\u00d3N DE DATOS PERSONALES El tratamiento de datos personales se regir\u00e1 por nuestra Pol\u00edtica de Privacidad, disponible en [Enlace a la Pol\u00edtica de Privacidad]. 5. COOKIES El Sitio utiliza cookies. Nuestra pol\u00edtica de cookies tiene como objetivo proporcionar una experiencia de usuario \u00f3ptima en nuestro sitio web. Utilizamos cookies para personalizar el contenido, ofrecer funciones de redes sociales y analizar nuestro tr\u00e1fico. Al continuar utilizando nuestro sitio, usted acepta el uso de cookies.\u00a0 6. MODIFICACIONES DICREAS LOGOPEDIA se reserva el derecho de realizar cambios en el Sitio, su contenido, o en las presentes condiciones de uso en cualquier momento y sin previo aviso. 7. LEGISLACI\u00d3N APLICABLE Y JURISDICCI\u00d3N La relaci\u00f3n entre DICREAS LOGOPEDIA y el usuario se regir\u00e1 por la legislaci\u00f3n vigente y cualquier controversia se someter\u00e1 a los juzgados y tribunales de M\u00e1laga. Fecha de la \u00faltima actualizaci\u00f3n: noviembre 2023. Ana Isabel N\u00fa\u00f1ez Cintado (DICREAS LOGOPEDIA) Direcci\u00f3n postal: Calle Amadeo Vives, 1, 29002, M\u00e1laga Tel\u00e9fono: 661182422 Correo electr\u00f3nico: ana.nunez@dicreas.com Este Aviso Legal ha sido actualizado por \u00faltima vez el 30 de noviembre de 2023.","og_url":"https:\/\/dicreas.com\/en\/aviso-legal\/","og_site_name":"Dicreas Logopedia","article_publisher":"https:\/\/www.facebook.com\/Dicreaslogopedia\/","article_modified_time":"2023-12-03T11:25:46+00:00","twitter_card":"summary_large_image","twitter_misc":{"Estimated reading time":"2 minutes"},"schema":{"@context":"https:\/\/schema.org","@graph":[{"@type":"WebPage","@id":"https:\/\/dicreas.com\/aviso-legal\/","url":"https:\/\/dicreas.com\/aviso-legal\/","name":"Aviso Legal - Dicreas Logopedia","isPartOf":{"@id":"https:\/\/dicreas.com\/#website"},"datePublished":"2023-11-29T11:29:51+00:00","dateModified":"2023-12-03T11:25:46+00:00","breadcrumb":{"@id":"https:\/\/dicreas.com\/aviso-legal\/#breadcrumb"},"inLanguage":"en-GB","potentialAction":[{"@type":"ReadAction","target":["https:\/\/dicreas.com\/aviso-legal\/"]}]},{"@type":"BreadcrumbList","@id":"https:\/\/dicreas.com\/aviso-legal\/#breadcrumb","itemListElement":[{"@type":"ListItem","position":1,"name":"Portada","item":"https:\/\/dicreas.com\/"},{"@type":"ListItem","position":2,"name":"Aviso Legal"}]},{"@type":"WebSite","@id":"https:\/\/dicreas.com\/#website","url":"https:\/\/dicreas.com\/","name":"https:\/\/www.dicreas.com","description":"Logopedia y Psicopedagog\u00eda en M\u00e1laga","publisher":{"@id":"https:\/\/dicreas.com\/#organization"},"potentialAction":[{"@type":"SearchAction","target":{"@type":"EntryPoint","urlTemplate":"https:\/\/dicreas.com\/?s={search_term_string}"},"query-input":"required name=search_term_string"}],"inLanguage":"en-GB"},{"@type":"Organization","@id":"https:\/\/dicreas.com\/#organization","name":"https:\/\/www.dicreas.com\/","url":"https:\/\/dicreas.com\/","logo":{"@type":"ImageObject","inLanguage":"en-GB","@id":"https:\/\/dicreas.com\/#\/schema\/logo\/image\/","url":"https:\/\/dicreas.com\/wp-content\/uploads\/2023\/10\/Logo-turquesa.png","contentUrl":"https:\/\/dicreas.com\/wp-content\/uploads\/2023\/10\/Logo-turquesa.png","width":148,"height":69,"caption":"https:\/\/www.dicreas.com\/"},"image":{"@id":"https:\/\/dicreas.com\/#\/schema\/logo\/image\/"},"sameAs":["https:\/\/www.facebook.com\/Dicreaslogopedia\/"]}]}},"_links":{"self":[{"href":"https:\/\/dicreas.com\/en\/wp-json\/wp\/v2\/pages\/2805"}],"collection":[{"href":"https:\/\/dicreas.com\/en\/wp-json\/wp\/v2\/pages"}],"about":[{"href":"https:\/\/dicreas.com\/en\/wp-json\/wp\/v2\/types\/page"}],"author":[{"embeddable":true,"href":"https:\/\/dicreas.com\/en\/wp-json\/wp\/v2\/users\/1"}],"replies":[{"embeddable":true,"href":"https:\/\/dicreas.com\/en\/wp-json\/wp\/v2\/comments?post=2805"}],"version-history":[{"count":23,"href":"https:\/\/dicreas.com\/en\/wp-json\/wp\/v2\/pages\/2805\/revisions"}],"predecessor-version":[{"id":3387,"href":"https:\/\/dicreas.com\/en\/wp-json\/wp\/v2\/pages\/2805\/revisions\/3387"}],"wp:attachment":[{"href":"https:\/\/dicreas.com\/en\/wp-json\/wp\/v2\/media?parent=2805"}],"curies":[{"name":"wp","href":"https:\/\/api.w.org\/{rel}","templated":true}]}}