{"id":3,"date":"2023-09-04T19:31:25","date_gmt":"2023-09-04T17:31:25","guid":{"rendered":"https:\/\/dicreas.com\/?page_id=3"},"modified":"2023-12-03T12:01:04","modified_gmt":"2023-12-03T11:01:04","slug":"politica-privacidad","status":"publish","type":"page","link":"https:\/\/dicreas.com\/en\/politica-privacidad\/","title":{"rendered":"Privacy Policy"},"content":{"rendered":"<style>.elementor-3 .elementor-element.elementor-element-45e404d5{--display:flex;--background-transition:0.3s;}.elementor-3 .elementor-element.elementor-element-8f25380{--spacer-size:50px;}.elementor-3 .elementor-element.elementor-element-54604949{color:#015958;}<\/style>\t\t<div data-elementor-type=\"wp-page\" data-elementor-id=\"3\" class=\"elementor elementor-3\" data-elementor-post-type=\"page\">\n\t\t\t\t\t\t\t<div class=\"elementor-element elementor-element-45e404d5 e-flex e-con-boxed wpr-particle-no wpr-jarallax-no wpr-parallax-no wpr-sticky-section-no e-con e-parent\" data-id=\"45e404d5\" data-element_type=\"container\" data-settings=\"{&quot;content_width&quot;:&quot;boxed&quot;}\" data-core-v316-plus=\"true\">\n\t\t\t\t\t<div class=\"e-con-inner\">\n\t\t\t\t<div class=\"elementor-element elementor-element-8f25380 elementor-widget elementor-widget-spacer\" data-id=\"8f25380\" data-element_type=\"widget\" data-widget_type=\"spacer.default\">\n\t\t\t\t<div class=\"elementor-widget-container\">\n\t\t\t<style>\/*! elementor - v3.18.0 - 20-12-2023 *\/\n.elementor-column .elementor-spacer-inner{height:var(--spacer-size)}.e-con{--container-widget-width:100%}.e-con-inner>.elementor-widget-spacer,.e-con>.elementor-widget-spacer{width:var(--container-widget-width,var(--spacer-size));--align-self:var(--container-widget-align-self,initial);--flex-shrink:0}.e-con-inner>.elementor-widget-spacer>.elementor-widget-container,.e-con>.elementor-widget-spacer>.elementor-widget-container{height:100%;width:100%}.e-con-inner>.elementor-widget-spacer>.elementor-widget-container>.elementor-spacer,.e-con>.elementor-widget-spacer>.elementor-widget-container>.elementor-spacer{height:100%}.e-con-inner>.elementor-widget-spacer>.elementor-widget-container>.elementor-spacer>.elementor-spacer-inner,.e-con>.elementor-widget-spacer>.elementor-widget-container>.elementor-spacer>.elementor-spacer-inner{height:var(--container-widget-height,var(--spacer-size))}.e-con-inner>.elementor-widget-spacer.elementor-widget-empty,.e-con>.elementor-widget-spacer.elementor-widget-empty{position:relative;min-height:22px;min-width:22px}.e-con-inner>.elementor-widget-spacer.elementor-widget-empty .elementor-widget-empty-icon,.e-con>.elementor-widget-spacer.elementor-widget-empty .elementor-widget-empty-icon{position:absolute;top:0;bottom:0;left:0;right:0;margin:auto;padding:0;width:22px;height:22px}<\/style>\t\t<div class=\"elementor-spacer\">\n\t\t\t<div class=\"elementor-spacer-inner\"><\/div>\n\t\t<\/div>\n\t\t\t\t<\/div>\n\t\t\t\t<\/div>\n\t\t\t\t<div class=\"elementor-element elementor-element-54604949 elementor-widget elementor-widget-text-editor\" data-id=\"54604949\" data-element_type=\"widget\" data-widget_type=\"text-editor.default\">\n\t\t\t\t<div class=\"elementor-widget-container\">\n\t\t\t<style>\/*! elementor - v3.18.0 - 20-12-2023 *\/\n.elementor-widget-text-editor.elementor-drop-cap-view-stacked .elementor-drop-cap{background-color:#69727d;color:#fff}.elementor-widget-text-editor.elementor-drop-cap-view-framed .elementor-drop-cap{color:#69727d;border:3px solid;background-color:transparent}.elementor-widget-text-editor:not(.elementor-drop-cap-view-default) .elementor-drop-cap{margin-top:8px}.elementor-widget-text-editor:not(.elementor-drop-cap-view-default) .elementor-drop-cap-letter{width:1em;height:1em}.elementor-widget-text-editor .elementor-drop-cap{float:left;text-align:center;line-height:1;font-size:50px}.elementor-widget-text-editor .elementor-drop-cap-letter{display:inline-block}<\/style>\t\t\t\t<header class=\"entry-header\"><h1 class=\"entry-title\">Pol\u00edtica de Privacidad<\/h1><\/header><div class=\"entry-content\"><p><strong>POL\u00cdTICA DE PRIVACIDAD<\/strong><\/p><p>para el tratamiento de datos: DICREAS Logopedia, S.L. responsable del tratamiento informa, de conformidad con lo<br \/>establecido en el REGLAMENTO (UE) 2016\/679 y la Ley Org\u00e1nica 3\/2018 de Protecci\u00f3n de<br \/>Datos, que sus datos de car\u00e1cter personal son tratados con la finalidad:<br \/>&#8211; Prestar un servicio o suministrar un producto.<br \/>&#8211; Enviar informaci\u00f3n sobre los productos \/ servicios que tiene contratados.<br \/>&#8211; Prestar servicios de car\u00e1cter m\u00e9dico-sanitarios.<br \/>&#8211; Mantener un registro de la historia cl\u00ednica del paciente.<br \/>&#8211; Gestionar reclamaciones de los interesados.<\/p><p>De acuerdo con lo establecido por la Ley Org\u00e1nica 3\/2018, de 5 de diciembre, de Protecci\u00f3n de<br \/>Datos Personales y Garant\u00edas de Derechos Digitales (LOPDGDD), el cliente\/usuario queda<br \/>informado y presta su consentimiento a la incorporaci\u00f3n de sus datos a un fichero del que es<br \/>responsable D\u00aa ANA ISABEL NU\u00d1EZ CINTADO que ha sido debidamente inscrito en la Agencia<br \/>Espa\u00f1ola de Protecci\u00f3n de Datos con la finalidad de informarle sobre los productos y servicios<br \/>solicitados, as\u00ed como el env\u00edo de comunicaciones comerciales sobre los mismos. Le informamos<br \/>tambi\u00e9n sobre derechos de acceso, rectificaci\u00f3n, limitaci\u00f3n de tratamiento, supresi\u00f3n,<br \/>portabilidad y oposici\u00f3n al tratamiento de sus datos de car\u00e1cter personal as\u00ed como revocar el<br \/>consentimiento que en su caso haya prestado u obtener m\u00e1s informaci\u00f3n, que podr\u00e1 ejercer en<br \/>el domicilio social de DICREAS Logopedia, sito en C\/ Amadeo Vives n\u00ba 1 \u2013 29002 M\u00e1laga<br \/>(M\u00e1laga). Le informamos tambi\u00e9n que los datos personales suministrados no ser\u00e1n cedidos ni<br \/>comunicados, ni siquiera para su conservaci\u00f3n, a terceras personas.<\/p><p>El Usuario de DICREAS Logopedia, por tanto, podr\u00e1 ejercer frente al Responsable del<br \/>tratamiento los anteriores derechos reconocidos en el RGPD y la Ley Org\u00e1nica 3\/2018, de 5 de<br \/>diciembre, de Protecci\u00f3n de Datos Personales y garant\u00eda de los derechos digitales.<br \/>As\u00ed pues, el Usuario podr\u00e1 ejercitar sus derechos mediante comunicaci\u00f3n escrita dirigida al<br \/>Responsable del tratamiento con la referencia \u00abRGPD-<a href=\"https:\/\/dicreas.com\/en\/\" target=\"_blank\" rel=\"noopener\">www.dicreas.com<\/a>\u00ab, especificando:<br \/>&#8211; Nombre, apellidos del Usuario y copia del DNI. En los casos en que se admita la<br \/>representaci\u00f3n, ser\u00e1 tambi\u00e9n necesaria la identificaci\u00f3n por el mismo medio de la<br \/>persona que representa al Usuario, as\u00ed como el documento acreditativo de la<br \/>representaci\u00f3n. La fotocopia del DNI podr\u00e1 ser sustituida, por cualquier otro medio v\u00e1lido<br \/>en derecho que acredite la identidad.<br \/>&#8211; Petici\u00f3n con los motivos espec\u00edficos de la solicitud o informaci\u00f3n a la que se quiere<br \/>acceder.<br \/>&#8211; Domicilio a efecto de notificaciones.<br \/>&#8211; Fecha y firma del solicitante.<br \/>&#8211; Todo documento que acredite la petici\u00f3n que formula.<\/p><p>Direcci\u00f3n postal: C\/ Amadeo Vives n\u00ba 1 \u2013 29002 M\u00e1laga (M\u00e1laga)<br \/>Correo electr\u00f3nico: www.dicreas.com<\/p><\/div>\t\t\t\t\t\t<\/div>\n\t\t\t\t<\/div>\n\t\t\t\t\t<\/div>\n\t\t\t\t<\/div>\n\t\t\t\t\t\t\t<\/div>","protected":false},"excerpt":{"rendered":"<p>Pol\u00edtica de Privacidad POL\u00cdTICA DE PRIVACIDAD para el tratamiento de datos: DICREAS Logopedia, S.L. responsable del tratamiento informa, de conformidad con loestablecido en el REGLAMENTO (UE) 2016\/679 y la Ley Org\u00e1nica 3\/2018 de Protecci\u00f3n deDatos, que sus datos de car\u00e1cter personal son tratados con la finalidad:&#8211; Prestar un servicio o suministrar un producto.&#8211; Enviar informaci\u00f3n sobre los productos \/ servicios que tiene contratados.&#8211; Prestar servicios de car\u00e1cter m\u00e9dico-sanitarios.&#8211; Mantener un registro de la historia cl\u00ednica del paciente.&#8211; Gestionar reclamaciones de los interesados. De acuerdo con lo establecido por la Ley Org\u00e1nica 3\/2018, de 5 de diciembre, de Protecci\u00f3n deDatos Personales y Garant\u00edas de Derechos Digitales (LOPDGDD), el cliente\/usuario quedainformado y presta su consentimiento a la incorporaci\u00f3n de sus datos a un fichero del que esresponsable D\u00aa ANA ISABEL NU\u00d1EZ CINTADO que ha sido debidamente inscrito en la AgenciaEspa\u00f1ola de Protecci\u00f3n de Datos con la finalidad de informarle sobre los productos y serviciossolicitados, as\u00ed como el env\u00edo de comunicaciones comerciales sobre los mismos. Le informamostambi\u00e9n sobre derechos de acceso, rectificaci\u00f3n, limitaci\u00f3n de tratamiento, supresi\u00f3n,portabilidad y oposici\u00f3n al tratamiento de sus datos de car\u00e1cter personal as\u00ed como revocar elconsentimiento que en su caso haya prestado u obtener m\u00e1s informaci\u00f3n, que podr\u00e1 ejercer enel domicilio social de DICREAS Logopedia, sito en C\/ Amadeo Vives n\u00ba 1 \u2013 29002 M\u00e1laga(M\u00e1laga). Le informamos tambi\u00e9n que los datos personales suministrados no ser\u00e1n cedidos nicomunicados, ni siquiera para su conservaci\u00f3n, a terceras personas. El Usuario de DICREAS Logopedia, por tanto, podr\u00e1 ejercer frente al Responsable deltratamiento los anteriores derechos reconocidos en el RGPD y la Ley Org\u00e1nica 3\/2018, de 5 dediciembre, de Protecci\u00f3n de Datos Personales y garant\u00eda de los derechos digitales.As\u00ed pues, el Usuario podr\u00e1 ejercitar sus derechos mediante comunicaci\u00f3n escrita dirigida alResponsable del tratamiento con la referencia \u00abRGPD-www.dicreas.com\u00ab, especificando:&#8211; Nombre, apellidos del Usuario y copia del DNI. En los casos en que se admita larepresentaci\u00f3n, ser\u00e1 tambi\u00e9n necesaria la identificaci\u00f3n por el mismo medio de lapersona que representa al Usuario, as\u00ed como el documento acreditativo de larepresentaci\u00f3n. La fotocopia del DNI podr\u00e1 ser sustituida, por cualquier otro medio v\u00e1lidoen derecho que acredite la identidad.&#8211; Petici\u00f3n con los motivos espec\u00edficos de la solicitud o informaci\u00f3n a la que se quiereacceder.&#8211; Domicilio a efecto de notificaciones.&#8211; Fecha y firma del solicitante.&#8211; Todo documento que acredite la petici\u00f3n que formula. Direcci\u00f3n postal: C\/ Amadeo Vives n\u00ba 1 \u2013 29002 M\u00e1laga (M\u00e1laga)Correo electr\u00f3nico: www.dicreas.com<\/p>","protected":false},"author":1,"featured_media":0,"parent":0,"menu_order":0,"comment_status":"closed","ping_status":"open","template":"","meta":{"footnotes":""},"yoast_head":"<!-- This site is optimized with the Yoast SEO plugin v21.8.1 - https:\/\/yoast.com\/wordpress\/plugins\/seo\/ -->\n<title>Pol\u00edtica de privacidad - Dicreas Logopedia<\/title>\n<meta name=\"robots\" content=\"index, follow, max-snippet:-1, max-image-preview:large, max-video-preview:-1\" \/>\n<link rel=\"canonical\" href=\"https:\/\/dicreas.com\/en\/politica-privacidad\/\" \/>\n<meta property=\"og:locale\" content=\"en_GB\" \/>\n<meta property=\"og:type\" content=\"article\" \/>\n<meta property=\"og:title\" content=\"Pol\u00edtica de privacidad - Dicreas Logopedia\" \/>\n<meta property=\"og:description\" content=\"Pol\u00edtica de Privacidad POL\u00cdTICA DE PRIVACIDAD para el tratamiento de datos: DICREAS Logopedia, S.L. responsable del tratamiento informa, de conformidad con loestablecido en el REGLAMENTO (UE) 2016\/679 y la Ley Org\u00e1nica 3\/2018 de Protecci\u00f3n deDatos, que sus datos de car\u00e1cter personal son tratados con la finalidad:&#8211; Prestar un servicio o suministrar un producto.&#8211; Enviar informaci\u00f3n sobre los productos \/ servicios que tiene contratados.&#8211; Prestar servicios de car\u00e1cter m\u00e9dico-sanitarios.&#8211; Mantener un registro de la historia cl\u00ednica del paciente.&#8211; Gestionar reclamaciones de los interesados. De acuerdo con lo establecido por la Ley Org\u00e1nica 3\/2018, de 5 de diciembre, de Protecci\u00f3n deDatos Personales y Garant\u00edas de Derechos Digitales (LOPDGDD), el cliente\/usuario quedainformado y presta su consentimiento a la incorporaci\u00f3n de sus datos a un fichero del que esresponsable D\u00aa ANA ISABEL NU\u00d1EZ CINTADO que ha sido debidamente inscrito en la AgenciaEspa\u00f1ola de Protecci\u00f3n de Datos con la finalidad de informarle sobre los productos y serviciossolicitados, as\u00ed como el env\u00edo de comunicaciones comerciales sobre los mismos. Le informamostambi\u00e9n sobre derechos de acceso, rectificaci\u00f3n, limitaci\u00f3n de tratamiento, supresi\u00f3n,portabilidad y oposici\u00f3n al tratamiento de sus datos de car\u00e1cter personal as\u00ed como revocar elconsentimiento que en su caso haya prestado u obtener m\u00e1s informaci\u00f3n, que podr\u00e1 ejercer enel domicilio social de DICREAS Logopedia, sito en C\/ Amadeo Vives n\u00ba 1 \u2013 29002 M\u00e1laga(M\u00e1laga). Le informamos tambi\u00e9n que los datos personales suministrados no ser\u00e1n cedidos nicomunicados, ni siquiera para su conservaci\u00f3n, a terceras personas. El Usuario de DICREAS Logopedia, por tanto, podr\u00e1 ejercer frente al Responsable deltratamiento los anteriores derechos reconocidos en el RGPD y la Ley Org\u00e1nica 3\/2018, de 5 dediciembre, de Protecci\u00f3n de Datos Personales y garant\u00eda de los derechos digitales.As\u00ed pues, el Usuario podr\u00e1 ejercitar sus derechos mediante comunicaci\u00f3n escrita dirigida alResponsable del tratamiento con la referencia \u00abRGPD-www.dicreas.com\u00ab, especificando:&#8211; Nombre, apellidos del Usuario y copia del DNI. En los casos en que se admita larepresentaci\u00f3n, ser\u00e1 tambi\u00e9n necesaria la identificaci\u00f3n por el mismo medio de lapersona que representa al Usuario, as\u00ed como el documento acreditativo de larepresentaci\u00f3n. La fotocopia del DNI podr\u00e1 ser sustituida, por cualquier otro medio v\u00e1lidoen derecho que acredite la identidad.&#8211; Petici\u00f3n con los motivos espec\u00edficos de la solicitud o informaci\u00f3n a la que se quiereacceder.&#8211; Domicilio a efecto de notificaciones.&#8211; Fecha y firma del solicitante.&#8211; Todo documento que acredite la petici\u00f3n que formula. Direcci\u00f3n postal: C\/ Amadeo Vives n\u00ba 1 \u2013 29002 M\u00e1laga (M\u00e1laga)Correo electr\u00f3nico: www.dicreas.com\" \/>\n<meta property=\"og:url\" content=\"https:\/\/dicreas.com\/en\/politica-privacidad\/\" \/>\n<meta property=\"og:site_name\" content=\"Dicreas Logopedia\" \/>\n<meta property=\"article:publisher\" content=\"https:\/\/www.facebook.com\/Dicreaslogopedia\/\" \/>\n<meta property=\"article:modified_time\" content=\"2023-12-03T11:01:04+00:00\" \/>\n<meta name=\"twitter:card\" content=\"summary_large_image\" \/>\n<meta name=\"twitter:label1\" content=\"Estimated reading time\" \/>\n\t<meta name=\"twitter:data1\" content=\"2 minutes\" \/>\n<script type=\"application\/ld+json\" class=\"yoast-schema-graph\">{\"@context\":\"https:\/\/schema.org\",\"@graph\":[{\"@type\":\"WebPage\",\"@id\":\"https:\/\/dicreas.com\/politica-privacidad\/\",\"url\":\"https:\/\/dicreas.com\/politica-privacidad\/\",\"name\":\"Pol\u00edtica de privacidad - Dicreas Logopedia\",\"isPartOf\":{\"@id\":\"https:\/\/dicreas.com\/#website\"},\"datePublished\":\"2023-09-04T17:31:25+00:00\",\"dateModified\":\"2023-12-03T11:01:04+00:00\",\"breadcrumb\":{\"@id\":\"https:\/\/dicreas.com\/politica-privacidad\/#breadcrumb\"},\"inLanguage\":\"en-GB\",\"potentialAction\":[{\"@type\":\"ReadAction\",\"target\":[\"https:\/\/dicreas.com\/politica-privacidad\/\"]}]},{\"@type\":\"BreadcrumbList\",\"@id\":\"https:\/\/dicreas.com\/politica-privacidad\/#breadcrumb\",\"itemListElement\":[{\"@type\":\"ListItem\",\"position\":1,\"name\":\"Portada\",\"item\":\"https:\/\/dicreas.com\/\"},{\"@type\":\"ListItem\",\"position\":2,\"name\":\"Pol\u00edtica de privacidad\"}]},{\"@type\":\"WebSite\",\"@id\":\"https:\/\/dicreas.com\/#website\",\"url\":\"https:\/\/dicreas.com\/\",\"name\":\"https:\/\/www.dicreas.com\",\"description\":\"Logopedia y Psicopedagog\u00eda en M\u00e1laga\",\"publisher\":{\"@id\":\"https:\/\/dicreas.com\/#organization\"},\"potentialAction\":[{\"@type\":\"SearchAction\",\"target\":{\"@type\":\"EntryPoint\",\"urlTemplate\":\"https:\/\/dicreas.com\/?s={search_term_string}\"},\"query-input\":\"required name=search_term_string\"}],\"inLanguage\":\"en-GB\"},{\"@type\":\"Organization\",\"@id\":\"https:\/\/dicreas.com\/#organization\",\"name\":\"https:\/\/www.dicreas.com\/\",\"url\":\"https:\/\/dicreas.com\/\",\"logo\":{\"@type\":\"ImageObject\",\"inLanguage\":\"en-GB\",\"@id\":\"https:\/\/dicreas.com\/#\/schema\/logo\/image\/\",\"url\":\"https:\/\/dicreas.com\/wp-content\/uploads\/2023\/10\/Logo-turquesa.png\",\"contentUrl\":\"https:\/\/dicreas.com\/wp-content\/uploads\/2023\/10\/Logo-turquesa.png\",\"width\":148,\"height\":69,\"caption\":\"https:\/\/www.dicreas.com\/\"},\"image\":{\"@id\":\"https:\/\/dicreas.com\/#\/schema\/logo\/image\/\"},\"sameAs\":[\"https:\/\/www.facebook.com\/Dicreaslogopedia\/\"]}]}<\/script>\n<!-- \/ Yoast SEO plugin. -->","yoast_head_json":{"title":"Pol\u00edtica de privacidad - Dicreas Logopedia","robots":{"index":"index","follow":"follow","max-snippet":"max-snippet:-1","max-image-preview":"max-image-preview:large","max-video-preview":"max-video-preview:-1"},"canonical":"https:\/\/dicreas.com\/en\/politica-privacidad\/","og_locale":"en_GB","og_type":"article","og_title":"Pol\u00edtica de privacidad - Dicreas Logopedia","og_description":"Pol\u00edtica de Privacidad POL\u00cdTICA DE PRIVACIDAD para el tratamiento de datos: DICREAS Logopedia, S.L. responsable del tratamiento informa, de conformidad con loestablecido en el REGLAMENTO (UE) 2016\/679 y la Ley Org\u00e1nica 3\/2018 de Protecci\u00f3n deDatos, que sus datos de car\u00e1cter personal son tratados con la finalidad:&#8211; Prestar un servicio o suministrar un producto.&#8211; Enviar informaci\u00f3n sobre los productos \/ servicios que tiene contratados.&#8211; Prestar servicios de car\u00e1cter m\u00e9dico-sanitarios.&#8211; Mantener un registro de la historia cl\u00ednica del paciente.&#8211; Gestionar reclamaciones de los interesados. De acuerdo con lo establecido por la Ley Org\u00e1nica 3\/2018, de 5 de diciembre, de Protecci\u00f3n deDatos Personales y Garant\u00edas de Derechos Digitales (LOPDGDD), el cliente\/usuario quedainformado y presta su consentimiento a la incorporaci\u00f3n de sus datos a un fichero del que esresponsable D\u00aa ANA ISABEL NU\u00d1EZ CINTADO que ha sido debidamente inscrito en la AgenciaEspa\u00f1ola de Protecci\u00f3n de Datos con la finalidad de informarle sobre los productos y serviciossolicitados, as\u00ed como el env\u00edo de comunicaciones comerciales sobre los mismos. Le informamostambi\u00e9n sobre derechos de acceso, rectificaci\u00f3n, limitaci\u00f3n de tratamiento, supresi\u00f3n,portabilidad y oposici\u00f3n al tratamiento de sus datos de car\u00e1cter personal as\u00ed como revocar elconsentimiento que en su caso haya prestado u obtener m\u00e1s informaci\u00f3n, que podr\u00e1 ejercer enel domicilio social de DICREAS Logopedia, sito en C\/ Amadeo Vives n\u00ba 1 \u2013 29002 M\u00e1laga(M\u00e1laga). Le informamos tambi\u00e9n que los datos personales suministrados no ser\u00e1n cedidos nicomunicados, ni siquiera para su conservaci\u00f3n, a terceras personas. El Usuario de DICREAS Logopedia, por tanto, podr\u00e1 ejercer frente al Responsable deltratamiento los anteriores derechos reconocidos en el RGPD y la Ley Org\u00e1nica 3\/2018, de 5 dediciembre, de Protecci\u00f3n de Datos Personales y garant\u00eda de los derechos digitales.As\u00ed pues, el Usuario podr\u00e1 ejercitar sus derechos mediante comunicaci\u00f3n escrita dirigida alResponsable del tratamiento con la referencia \u00abRGPD-www.dicreas.com\u00ab, especificando:&#8211; Nombre, apellidos del Usuario y copia del DNI. En los casos en que se admita larepresentaci\u00f3n, ser\u00e1 tambi\u00e9n necesaria la identificaci\u00f3n por el mismo medio de lapersona que representa al Usuario, as\u00ed como el documento acreditativo de larepresentaci\u00f3n. La fotocopia del DNI podr\u00e1 ser sustituida, por cualquier otro medio v\u00e1lidoen derecho que acredite la identidad.&#8211; Petici\u00f3n con los motivos espec\u00edficos de la solicitud o informaci\u00f3n a la que se quiereacceder.&#8211; Domicilio a efecto de notificaciones.&#8211; Fecha y firma del solicitante.&#8211; Todo documento que acredite la petici\u00f3n que formula. Direcci\u00f3n postal: C\/ Amadeo Vives n\u00ba 1 \u2013 29002 M\u00e1laga (M\u00e1laga)Correo electr\u00f3nico: www.dicreas.com","og_url":"https:\/\/dicreas.com\/en\/politica-privacidad\/","og_site_name":"Dicreas Logopedia","article_publisher":"https:\/\/www.facebook.com\/Dicreaslogopedia\/","article_modified_time":"2023-12-03T11:01:04+00:00","twitter_card":"summary_large_image","twitter_misc":{"Estimated reading time":"2 minutes"},"schema":{"@context":"https:\/\/schema.org","@graph":[{"@type":"WebPage","@id":"https:\/\/dicreas.com\/politica-privacidad\/","url":"https:\/\/dicreas.com\/politica-privacidad\/","name":"Pol\u00edtica de privacidad - Dicreas Logopedia","isPartOf":{"@id":"https:\/\/dicreas.com\/#website"},"datePublished":"2023-09-04T17:31:25+00:00","dateModified":"2023-12-03T11:01:04+00:00","breadcrumb":{"@id":"https:\/\/dicreas.com\/politica-privacidad\/#breadcrumb"},"inLanguage":"en-GB","potentialAction":[{"@type":"ReadAction","target":["https:\/\/dicreas.com\/politica-privacidad\/"]}]},{"@type":"BreadcrumbList","@id":"https:\/\/dicreas.com\/politica-privacidad\/#breadcrumb","itemListElement":[{"@type":"ListItem","position":1,"name":"Portada","item":"https:\/\/dicreas.com\/"},{"@type":"ListItem","position":2,"name":"Pol\u00edtica de privacidad"}]},{"@type":"WebSite","@id":"https:\/\/dicreas.com\/#website","url":"https:\/\/dicreas.com\/","name":"https:\/\/www.dicreas.com","description":"Logopedia y Psicopedagog\u00eda en M\u00e1laga","publisher":{"@id":"https:\/\/dicreas.com\/#organization"},"potentialAction":[{"@type":"SearchAction","target":{"@type":"EntryPoint","urlTemplate":"https:\/\/dicreas.com\/?s={search_term_string}"},"query-input":"required name=search_term_string"}],"inLanguage":"en-GB"},{"@type":"Organization","@id":"https:\/\/dicreas.com\/#organization","name":"https:\/\/www.dicreas.com\/","url":"https:\/\/dicreas.com\/","logo":{"@type":"ImageObject","inLanguage":"en-GB","@id":"https:\/\/dicreas.com\/#\/schema\/logo\/image\/","url":"https:\/\/dicreas.com\/wp-content\/uploads\/2023\/10\/Logo-turquesa.png","contentUrl":"https:\/\/dicreas.com\/wp-content\/uploads\/2023\/10\/Logo-turquesa.png","width":148,"height":69,"caption":"https:\/\/www.dicreas.com\/"},"image":{"@id":"https:\/\/dicreas.com\/#\/schema\/logo\/image\/"},"sameAs":["https:\/\/www.facebook.com\/Dicreaslogopedia\/"]}]}},"_links":{"self":[{"href":"https:\/\/dicreas.com\/en\/wp-json\/wp\/v2\/pages\/3"}],"collection":[{"href":"https:\/\/dicreas.com\/en\/wp-json\/wp\/v2\/pages"}],"about":[{"href":"https:\/\/dicreas.com\/en\/wp-json\/wp\/v2\/types\/page"}],"author":[{"embeddable":true,"href":"https:\/\/dicreas.com\/en\/wp-json\/wp\/v2\/users\/1"}],"replies":[{"embeddable":true,"href":"https:\/\/dicreas.com\/en\/wp-json\/wp\/v2\/comments?post=3"}],"version-history":[{"count":36,"href":"https:\/\/dicreas.com\/en\/wp-json\/wp\/v2\/pages\/3\/revisions"}],"predecessor-version":[{"id":3343,"href":"https:\/\/dicreas.com\/en\/wp-json\/wp\/v2\/pages\/3\/revisions\/3343"}],"wp:attachment":[{"href":"https:\/\/dicreas.com\/en\/wp-json\/wp\/v2\/media?parent=3"}],"curies":[{"name":"wp","href":"https:\/\/api.w.org\/{rel}","templated":true}]}}